{"id":6235,"date":"2024-10-06T18:31:25","date_gmt":"2024-10-06T16:31:25","guid":{"rendered":"https:\/\/www.skifahren-lernen.eu\/info-travelling\/stops-times\/returntime\/"},"modified":"2026-01-16T10:07:58","modified_gmt":"2026-01-16T08:07:58","slug":"returntime-kiga","status":"publish","type":"page","link":"https:\/\/www.skifahren-lernen.eu\/en\/info-travelling\/stops-times\/returntime-kiga\/","title":{"rendered":"Return Times Kindergarten"},"content":{"rendered":"\t\t<div data-elementor-type=\"wp-page\" data-elementor-id=\"6235\" class=\"elementor elementor-6235 elementor-6234\" data-elementor-post-type=\"page\">\n\t\t\t\t<div class=\"elementor-element elementor-element-a24cded e-con-full e-flex e-con e-parent\" data-id=\"a24cded\" data-element_type=\"container\" data-e-type=\"container\" data-settings=\"{&quot;background_background&quot;:&quot;classic&quot;}\">\n\t\t\t\t<\/div>\n\t\t<div class=\"elementor-element elementor-element-f90c6b8 e-flex e-con-boxed e-con e-parent\" data-id=\"f90c6b8\" data-element_type=\"container\" data-e-type=\"container\">\n\t\t\t\t\t<div class=\"e-con-inner\">\n\t\t\t\t<div class=\"elementor-element elementor-element-5c07572 elementor-widget elementor-widget-spacer\" data-id=\"5c07572\" data-element_type=\"widget\" data-e-type=\"widget\" data-widget_type=\"spacer.default\">\n\t\t\t\t<div class=\"elementor-widget-container\">\n\t\t\t\t\t\t\t<div class=\"elementor-spacer\">\n\t\t\t<div class=\"elementor-spacer-inner\"><\/div>\n\t\t<\/div>\n\t\t\t\t\t\t<\/div>\n\t\t\t\t<\/div>\n\t\t\t\t<div class=\"elementor-element elementor-element-93731f3 elementor-widget elementor-widget-heading\" data-id=\"93731f3\" data-element_type=\"widget\" data-e-type=\"widget\" data-widget_type=\"heading.default\">\n\t\t\t\t<div class=\"elementor-widget-container\">\n\t\t\t\t\t<h6 class=\"elementor-heading-title elementor-size-default\">Bus stops and timings<\/h6>\t\t\t\t<\/div>\n\t\t\t\t<\/div>\n\t\t\t\t<div class=\"elementor-element elementor-element-0a87192 elementor-widget elementor-widget-heading\" data-id=\"0a87192\" data-element_type=\"widget\" data-e-type=\"widget\" data-widget_type=\"heading.default\">\n\t\t\t\t<div class=\"elementor-widget-container\">\n\t\t\t\t\t<h1 class=\"elementor-heading-title elementor-size-default\">Return Times Kindergarten<\/h1>\t\t\t\t<\/div>\n\t\t\t\t<\/div>\n\t\t\t\t<div class=\"elementor-element elementor-element-acad4ed elementor-widget elementor-widget-heading\" data-id=\"acad4ed\" data-element_type=\"widget\" data-e-type=\"widget\" data-widget_type=\"heading.default\">\n\t\t\t\t<div class=\"elementor-widget-container\">\n\t\t\t\t\t<h2 class=\"elementor-heading-title elementor-size-default\">Return times for our kindergarten courses<\/h2>\t\t\t\t<\/div>\n\t\t\t\t<\/div>\n\t\t\t\t<div class=\"elementor-element elementor-element-1d6a8b4 elementor-widget elementor-widget-text-editor\" data-id=\"1d6a8b4\" data-element_type=\"widget\" data-e-type=\"widget\" data-widget_type=\"text-editor.default\">\n\t\t\t\t<div class=\"elementor-widget-container\">\n\t\t\t\t\t\t\t\t\t<p>On course days, we post the current times for the nurseries here approximately 50 minutes before arrival so that you can plan accordingly.<\/p><p>Please check back here regularly, as we will adjust the times in the event of unforeseen disruptions.<\/p><p>We try to be as accurate as possible, but please allow for a margin of error of +\/- 10 minutes.<\/p><p><strong>Important:<\/strong> <em>You will find the binding stops with the respective addresses in your booking confirmation.<\/em><br><em>This overview is for information purposes only, showing when we are expected to return to the specified addresses (nurseries).<\/em><\/p>\t\t\t\t\t\t\t\t<\/div>\n\t\t\t\t<\/div>\n\t\t\t\t<div class=\"elementor-element elementor-element-72315b5 elementor-widget-divider--view-line elementor-widget elementor-widget-divider\" data-id=\"72315b5\" data-element_type=\"widget\" data-e-type=\"widget\" data-widget_type=\"divider.default\">\n\t\t\t\t<div class=\"elementor-widget-container\">\n\t\t\t\t\t\t\t<div class=\"elementor-divider\">\n\t\t\t<span class=\"elementor-divider-separator\">\n\t\t\t\t\t\t<\/span>\n\t\t<\/div>\n\t\t\t\t\t\t<\/div>\n\t\t\t\t<\/div>\n\t\t\t\t<div class=\"elementor-element elementor-element-850d1b3 elementor-widget elementor-widget-tablepress-table\" data-id=\"850d1b3\" data-element_type=\"widget\" data-e-type=\"widget\" data-widget_type=\"tablepress-table.default\">\n\t\t\t\t\t<span id=\"tablepress-2-description\" class=\"tablepress-table-description tablepress-table-description-id-2\"><h3 style=\"color:#3AAA35;\">KiGa 4 Fr 06..02.2026<\/h3><\/span>\n\n<table id=\"tablepress-2\" class=\"tablepress tablepress-id-2 tbody-has-connected-cells\" aria-describedby=\"tablepress-2-description\">\n<thead>\n<tr class=\"row-1\">\n\t<th class=\"column-1\">Haltestelle<\/th><th class=\"column-2\">Abfahrtszeit<\/th><th class=\"column-3\"> <\/th><th class=\"column-4\">R\u00fcckkunftszeit<\/th><th class=\"column-5\"> <\/th>\n<\/tr>\n<\/thead>\n<tbody class=\"row-striping\">\n<tr class=\"row-2\">\n\t<td class=\"column-1\">Kiki Kinderladen Haidhausen<br \/>\nRudolf Steiner Kiga<br \/>\n<\/td><td class=\"column-2\">7:45<\/td><td class=\"column-3\">Uhr<\/td><td class=\"column-4\">15:55<\/td><td class=\"column-5\">Uhr<\/td>\n<\/tr>\n<tr class=\"row-3\">\n\t<td class=\"column-1\">\u00catre Enfant Kind sein e.V.<br \/>\nKath. St. Matth\u00e4us<\/td><td class=\"column-2\">8:05<\/td><td class=\"column-3\">Uhr<\/td><td class=\"column-4\">16:45<\/td><td class=\"column-5\">Uhr<\/td>\n<\/tr>\n<tr class=\"row-4\">\n\t<td class=\"column-1\">HfK Helene-Lange-Weg<\/td><td class=\"column-2\">8:15<\/td><td class=\"column-3\">Uhr<\/td><td class=\"column-4\">16:35<\/td><td class=\"column-5\">Uhr<\/td>\n<\/tr>\n<tr class=\"row-5\">\n\t<td class=\"column-1\">Die Hirschgartenkinder<br \/>\nKita Widmannstr.<br \/>\nDonnersbergerbr\u00fccke<\/td><td class=\"column-2\">8:35<\/td><td class=\"column-3\">Uhr<\/td><td class=\"column-4\">16:25<\/td><td class=\"column-5\">Uhr<\/td>\n<\/tr>\n<tr class=\"row-6\">\n\t<td class=\"column-1\">Kita Milchstra\u00dfe <br \/>\nEcke Haderunstr.\/Waldwiesenstr <\/td><td class=\"column-2\">8:50<\/td><td class=\"column-3\">Uhr<\/td><td class=\"column-4\">16:10<\/td><td class=\"column-5\">Uhr<\/td>\n<\/tr>\n<tr class=\"row-7\">\n\t<td class=\"column-1\">KiGa Heiglhofstr.<br \/>\nMax Lebsche Platz<\/td><td class=\"column-2\">9:00<\/td><td class=\"column-3\">Uhr<\/td><td class=\"column-4\">16:00<\/td><td class=\"column-5\">Uhr<\/td>\n<\/tr>\n<tr class=\"row-8\">\n\t<td colspan=\"5\" rowspan=\"2\" class=\"column-1\">Die verbindlichen Haltestellen mit den jeweiligen Adressen finden Sie in Ihrer Buchungsbest\u00e4tigung. Diese \u00dcbersicht dient lediglich zur Information, wann wir voraussichtlich an den festgelegten Adressen (Kinderg\u00e4rten) zur\u00fcck sind.<\/td>\n<\/tr>\n<tr class=\"row-9\">\n\t\n<\/tr>\n<tr class=\"row-10\">\n\t<td colspan=\"5\" class=\"column-1\">Letzte Aktualisierung: 06.02.2026 \/\/ 15:10 Uhr<\/td>\n<\/tr>\n<\/tbody>\n<\/table>\n<!-- #tablepress-2 from cache -->\t\t\t\t<\/div>\n\t\t\t\t\t<\/div>\n\t\t\t\t<\/div>\n\t\t<div class=\"elementor-element elementor-element-b4c4650 e-con-full e-flex e-con e-parent\" data-id=\"b4c4650\" data-element_type=\"container\" data-e-type=\"container\">\n\t\t<div class=\"elementor-element elementor-element-e2bdf0e e-flex e-con-boxed e-con e-child\" data-id=\"e2bdf0e\" data-element_type=\"container\" data-e-type=\"container\" data-settings=\"{&quot;background_background&quot;:&quot;classic&quot;}\">\n\t\t\t\t\t<div class=\"e-con-inner\">\n\t\t<div class=\"elementor-element elementor-element-b438d5c e-con-full e-flex e-con e-child\" data-id=\"b438d5c\" data-element_type=\"container\" data-e-type=\"container\">\n\t\t\t\t<div class=\"elementor-element elementor-element-89c5e9b elementor-widget__width-auto elementor-widget elementor-widget-heading\" data-id=\"89c5e9b\" data-element_type=\"widget\" data-e-type=\"widget\" data-widget_type=\"heading.default\">\n\t\t\t\t<div class=\"elementor-widget-container\">\n\t\t\t\t\t<h3 class=\"elementor-heading-title elementor-size-default\">We are proud of over 20 years of experience!<\/h3>\t\t\t\t<\/div>\n\t\t\t\t<\/div>\n\t\t\t\t<div class=\"elementor-element elementor-element-43293af elementor-widget__width-auto elementor-mobile-align-center elementor-widget elementor-widget-button\" data-id=\"43293af\" data-element_type=\"widget\" data-e-type=\"widget\" data-widget_type=\"button.default\">\n\t\t\t\t<div class=\"elementor-widget-container\">\n\t\t\t\t\t\t\t\t\t<div class=\"elementor-button-wrapper\">\n\t\t\t\t\t<a class=\"elementor-button elementor-button-link elementor-size-sm\" href=\"#\">\n\t\t\t\t\t\t<span class=\"elementor-button-content-wrapper\">\n\t\t\t\t\t\t\t\t\t<span class=\"elementor-button-text\">HOTLINE: 089-23511230<\/span>\n\t\t\t\t\t<\/span>\n\t\t\t\t\t<\/a>\n\t\t\t\t<\/div>\n\t\t\t\t\t\t\t\t<\/div>\n\t\t\t\t<\/div>\n\t\t\t\t<\/div>\n\t\t\t\t\t<\/div>\n\t\t\t\t<\/div>\n\t\t\t\t<\/div>\n\t\t\t\t<\/div>\n\t\t","protected":false},"excerpt":{"rendered":"<p>Bus stops and timings Return Times Kindergarten Return times for our kindergarten courses On course days, we post the current times for the nurseries here approximately 50 minutes before arrival so that you can plan accordingly. Please check back here regularly, as we will adjust the times in the event of unforeseen disruptions. We try [&hellip;]<\/p>\n","protected":false},"author":3,"featured_media":0,"parent":4427,"menu_order":0,"comment_status":"closed","ping_status":"closed","template":"","meta":{"_seopress_robots_primary_cat":"","_seopress_titles_title":"Schweitzer Team | Kindergarten ski course bus return Munich","_seopress_titles_desc":"Kindergarten ski course Schweitzer Team \u2713 Current return times for the ski bus in Munich \u2713 On the respective course day from approx. 2:30 p.m. \u279c Info","_seopress_robots_index":"yes","_seopress_analysis_target_kw":"kindergarten ski course,arrival time ski bus,return time kindergarten,Munich","site-sidebar-layout":"no-sidebar","site-content-layout":"page-builder","ast-site-content-layout":"full-width-container","site-content-style":"unboxed","site-sidebar-style":"unboxed","ast-global-header-display":"","ast-banner-title-visibility":"","ast-main-header-display":"","ast-hfb-above-header-display":"","ast-hfb-below-header-display":"","ast-hfb-mobile-header-display":"","site-post-title":"disabled","ast-breadcrumbs-content":"disabled","ast-featured-img":"disabled","footer-sml-layout":"","ast-disable-related-posts":"","theme-transparent-header-meta":"default","adv-header-id-meta":"","stick-header-meta":"","header-above-stick-meta":"","header-main-stick-meta":"","header-below-stick-meta":"","astra-migrate-meta-layouts":"set","ast-page-background-enabled":"default","ast-page-background-meta":{"desktop":{"background-color":"","background-image":"","background-repeat":"repeat","background-position":"center center","background-size":"auto","background-attachment":"scroll","background-type":"","background-media":"","overlay-type":"","overlay-color":"","overlay-opacity":"","overlay-gradient":""},"tablet":{"background-color":"","background-image":"","background-repeat":"repeat","background-position":"center center","background-size":"auto","background-attachment":"scroll","background-type":"","background-media":"","overlay-type":"","overlay-color":"","overlay-opacity":"","overlay-gradient":""},"mobile":{"background-color":"","background-image":"","background-repeat":"repeat","background-position":"center center","background-size":"auto","background-attachment":"scroll","background-type":"","background-media":"","overlay-type":"","overlay-color":"","overlay-opacity":"","overlay-gradient":""}},"ast-content-background-meta":{"desktop":{"background-color":"var(--ast-global-color-5)","background-image":"","background-repeat":"repeat","background-position":"center center","background-size":"auto","background-attachment":"scroll","background-type":"","background-media":"","overlay-type":"","overlay-color":"","overlay-opacity":"","overlay-gradient":""},"tablet":{"background-color":"var(--ast-global-color-5)","background-image":"","background-repeat":"repeat","background-position":"center center","background-size":"auto","background-attachment":"scroll","background-type":"","background-media":"","overlay-type":"","overlay-color":"","overlay-opacity":"","overlay-gradient":""},"mobile":{"background-color":"var(--ast-global-color-5)","background-image":"","background-repeat":"repeat","background-position":"center center","background-size":"auto","background-attachment":"scroll","background-type":"","background-media":"","overlay-type":"","overlay-color":"","overlay-opacity":"","overlay-gradient":""}},"footnotes":""},"class_list":["post-6235","page","type-page","status-publish","hentry"],"_links":{"self":[{"href":"https:\/\/www.skifahren-lernen.eu\/en\/wp-json\/wp\/v2\/pages\/6235","targetHints":{"allow":["GET"]}}],"collection":[{"href":"https:\/\/www.skifahren-lernen.eu\/en\/wp-json\/wp\/v2\/pages"}],"about":[{"href":"https:\/\/www.skifahren-lernen.eu\/en\/wp-json\/wp\/v2\/types\/page"}],"author":[{"embeddable":true,"href":"https:\/\/www.skifahren-lernen.eu\/en\/wp-json\/wp\/v2\/users\/3"}],"replies":[{"embeddable":true,"href":"https:\/\/www.skifahren-lernen.eu\/en\/wp-json\/wp\/v2\/comments?post=6235"}],"version-history":[{"count":13,"href":"https:\/\/www.skifahren-lernen.eu\/en\/wp-json\/wp\/v2\/pages\/6235\/revisions"}],"predecessor-version":[{"id":17360,"href":"https:\/\/www.skifahren-lernen.eu\/en\/wp-json\/wp\/v2\/pages\/6235\/revisions\/17360"}],"up":[{"embeddable":true,"href":"https:\/\/www.skifahren-lernen.eu\/en\/wp-json\/wp\/v2\/pages\/4427"}],"wp:attachment":[{"href":"https:\/\/www.skifahren-lernen.eu\/en\/wp-json\/wp\/v2\/media?parent=6235"}],"curies":[{"name":"wp","href":"https:\/\/api.w.org\/{rel}","templated":true}]}}