{"id":16663,"date":"2025-11-29T17:31:41","date_gmt":"2025-11-29T15:31:41","guid":{"rendered":"https:\/\/www.skifahren-lernen.eu\/snowboard-courses\/christmas-snowboard-course-2\/"},"modified":"2025-12-19T20:44:13","modified_gmt":"2025-12-19T18:44:13","slug":"snowboard-course-saturday-1","status":"publish","type":"page","link":"https:\/\/www.skifahren-lernen.eu\/en\/snowboard-courses\/snowboard-course-saturday-1\/","title":{"rendered":"Snowboard courses on Saturday"},"content":{"rendered":"\t\t<div data-elementor-type=\"wp-page\" data-elementor-id=\"16663\" class=\"elementor elementor-16663 elementor-16662\" data-elementor-post-type=\"page\">\n\t\t\t\t<div class=\"elementor-element elementor-element-38ce90d e-con-full e-flex e-con e-parent\" data-id=\"38ce90d\" data-element_type=\"container\" data-e-type=\"container\" data-settings=\"{&quot;background_background&quot;:&quot;classic&quot;}\">\n\t\t\t\t<\/div>\n\t\t<div class=\"elementor-element elementor-element-2207e11 e-flex e-con-boxed e-con e-parent\" data-id=\"2207e11\" data-element_type=\"container\" data-e-type=\"container\">\n\t\t\t\t\t<div class=\"e-con-inner\">\n\t\t\t\t<div class=\"elementor-element elementor-element-c72274c elementor-widget elementor-widget-spacer\" data-id=\"c72274c\" data-element_type=\"widget\" data-e-type=\"widget\" data-widget_type=\"spacer.default\">\n\t\t\t\t<div class=\"elementor-widget-container\">\n\t\t\t\t\t\t\t<div class=\"elementor-spacer\">\n\t\t\t<div class=\"elementor-spacer-inner\"><\/div>\n\t\t<\/div>\n\t\t\t\t\t\t<\/div>\n\t\t\t\t<\/div>\n\t\t<div class=\"elementor-element elementor-element-abce971 e-con-full e-flex e-con e-child\" data-id=\"abce971\" data-element_type=\"container\" data-e-type=\"container\">\n\t\t\t\t<div class=\"elementor-element elementor-element-e80b187 elementor-widget elementor-widget-heading\" data-id=\"e80b187\" data-element_type=\"widget\" data-e-type=\"widget\" data-widget_type=\"heading.default\">\n\t\t\t\t<div class=\"elementor-widget-container\">\n\t\t\t\t\t<h6 class=\"elementor-heading-title elementor-size-default\">Age: 6 to 18+ years<\/h6>\t\t\t\t<\/div>\n\t\t\t\t<\/div>\n\t\t\t\t<div class=\"elementor-element elementor-element-f1312d3 elementor-widget__width-auto elementor-widget elementor-widget-heading\" data-id=\"f1312d3\" data-element_type=\"widget\" data-e-type=\"widget\" data-widget_type=\"heading.default\">\n\t\t\t\t<div class=\"elementor-widget-container\">\n\t\t\t\t\t<h1 class=\"elementor-heading-title elementor-size-default\">Snowboard courses on Saturday<\/h1>\t\t\t\t<\/div>\n\t\t\t\t<\/div>\n\t\t\t\t<div class=\"elementor-element elementor-element-3f2fbef elementor-widget elementor-widget-heading\" data-id=\"3f2fbef\" data-element_type=\"widget\" data-e-type=\"widget\" data-widget_type=\"heading.default\">\n\t\t\t\t<div class=\"elementor-widget-container\">\n\t\t\t\t\t<h2 class=\"elementor-heading-title elementor-size-default\">17.01. to 07.02.2026<\/h2>\t\t\t\t<\/div>\n\t\t\t\t<\/div>\n\t\t\t\t<div class=\"elementor-element elementor-element-40f528b elementor-widget elementor-widget-text-editor\" data-id=\"40f528b\" data-element_type=\"widget\" data-e-type=\"widget\" data-widget_type=\"text-editor.default\">\n\t\t\t\t<div class=\"elementor-widget-container\">\n\t\t\t\t\t\t\t\t\t<p><strong>Saturday course <\/strong>\u2013 Group snowboard courses for children, teenagers and adults \u2013 4 days intensive including bus travel from Munich <\/p><p>Our Saturday snowboard courses are ideal for anyone who wants to learn how to snowboard or improve their technique. Over four Saturdays, you will enjoy professional snowboard lessons in small groups, accompanied by experienced snowboard instructors and a perfectly organised daily schedule. Safety, learning success and fun are always at the forefront.  <\/p><p><strong>For children aged 6 and above<\/strong><br>In small, age-appropriate groups with a maximum of seven participants, children learn to snowboard in a fun and safe environment or develop their existing skills. Our qualified snowboard instructors cater to each child individually and ensure a motivating, safe learning environment. <\/p><p><strong>For teenagers (aged 13 to 17)<\/strong><br>Our Saturday snowboard courses for teenagers combine technique training with action and fun. Whether beginners or advanced, teenagers train in groups according to their ability and receive specific tips for more control, safety and style on the board. Would you rather ride alone but still be part of the group? Then check out <a href=\"https:\/\/www.skifahren-lernen.eu\/en\/info-travelling\/teensontour-snowboard-ski\/\" target=\"_blank\" rel=\"noopener\">&#8220;Teens on Tour&#8221; <\/a>\u2013 just come along, ride independently and have fun.   <\/p><p><strong>For adults (18+)<\/strong><br>Whether you&#8217;re taking your first turns, getting back into the sport or honing your technique, our Saturday snowboard courses for adults offer professional instruction in a relaxed atmosphere. Experienced snowboard instructors will help you ride more safely, learn more efficiently and feel more confident on the slopes. <\/p><p><strong>Convenient travel from Munich<\/strong><br>All Saturday snowboard courses include comfortable bus travel from Munich with <a href=\"https:\/\/www.skifahren-lernen.eu\/en\/info-travelling\/stops-times\/\" target=\"_blank\" rel=\"noopener\">5 convenient departure stops in Munich<\/a>.<\/p><p>Gemeinsam Snowboarden lernen, Fortschritte erleben und jeden Samstag sportlich genie\u00dfen \u2013 die Samstags-Snowboardkurse des Schweitzer Teams M\u00fcnchen stehen f\u00fcr Qualit\u00e4t, Sicherheit und unvergessliche Tage im Schnee.<\/p>\t\t\t\t\t\t\t\t<\/div>\n\t\t\t\t<\/div>\n\t\t\t\t<\/div>\n\t\t<div class=\"elementor-element elementor-element-4abc346 e-con-full e-flex e-con e-child\" data-id=\"4abc346\" data-element_type=\"container\" data-e-type=\"container\">\n\t\t\t\t<div class=\"elementor-element elementor-element-caa200b elementor-widget elementor-widget-image\" data-id=\"caa200b\" data-element_type=\"widget\" data-e-type=\"widget\" data-widget_type=\"image.default\">\n\t\t\t\t<div class=\"elementor-widget-container\">\n\t\t\t\t\t\t\t\t\t\t\t\t\t\t\t<img fetchpriority=\"high\" decoding=\"async\" width=\"540\" height=\"190\" src=\"https:\/\/www.skifahren-lernen.eu\/wp-content\/uploads\/2025\/11\/snowboardlehrerin-snowboardkurs-abfahrt-schweitzer-team-muenchen-l.webp\" class=\"attachment-full size-full wp-image-16355\" alt=\"\" \/>\t\t\t\t\t\t\t\t\t\t\t\t\t\t\t<\/div>\n\t\t\t\t<\/div>\n\t\t\t\t<div class=\"elementor-element elementor-element-5dbbf50 elementor-widget elementor-widget-template\" data-id=\"5dbbf50\" data-element_type=\"widget\" data-e-type=\"widget\" data-widget_type=\"template.default\">\n\t\t\t\t<div class=\"elementor-widget-container\">\n\t\t\t\t\t\t\t<div class=\"elementor-template\">\n\t\t\t\t\t<div data-elementor-type=\"container\" data-elementor-id=\"3441\" class=\"elementor elementor-3441 elementor-1683 elementor-1683\" data-elementor-post-type=\"elementor_library\">\n\t\t\t\t<div class=\"elementor-element elementor-element-71bf8603 e-con-full e-flex e-con e-child\" data-id=\"71bf8603\" data-element_type=\"container\" data-e-type=\"container\">\n\t\t\t\t<div class=\"elementor-element elementor-element-c575642 elementor-widget elementor-widget-spacer\" data-id=\"c575642\" data-element_type=\"widget\" data-e-type=\"widget\" data-widget_type=\"spacer.default\">\n\t\t\t\t<div class=\"elementor-widget-container\">\n\t\t\t\t\t\t\t<div class=\"elementor-spacer\">\n\t\t\t<div class=\"elementor-spacer-inner\"><\/div>\n\t\t<\/div>\n\t\t\t\t\t\t<\/div>\n\t\t\t\t<\/div>\n\t\t\t\t<div class=\"elementor-element elementor-element-969a981 elementor-widget elementor-widget-heading\" data-id=\"969a981\" data-element_type=\"widget\" data-e-type=\"widget\" data-widget_type=\"heading.default\">\n\t\t\t\t<div class=\"elementor-widget-container\">\n\t\t\t\t\t<h3 class=\"elementor-heading-title elementor-size-default\">Our services<\/h3>\t\t\t\t<\/div>\n\t\t\t\t<\/div>\n\t\t\t\t<div class=\"elementor-element elementor-element-e60dbed elementor-widget-divider--view-line elementor-widget elementor-widget-divider\" data-id=\"e60dbed\" data-element_type=\"widget\" data-e-type=\"widget\" data-widget_type=\"divider.default\">\n\t\t\t\t<div class=\"elementor-widget-container\">\n\t\t\t\t\t\t\t<div class=\"elementor-divider\">\n\t\t\t<span class=\"elementor-divider-separator\">\n\t\t\t\t\t\t<\/span>\n\t\t<\/div>\n\t\t\t\t\t\t<\/div>\n\t\t\t\t<\/div>\n\t\t\t\t<div class=\"elementor-element elementor-element-460280c elementor-widget elementor-widget-heading\" data-id=\"460280c\" data-element_type=\"widget\" data-e-type=\"widget\" data-widget_type=\"heading.default\">\n\t\t\t\t<div class=\"elementor-widget-container\">\n\t\t\t\t\t<h4 class=\"elementor-heading-title elementor-size-default\">This is included in the course price:<\/h4>\t\t\t\t<\/div>\n\t\t\t\t<\/div>\n\t\t\t\t<div class=\"elementor-element elementor-element-349524d elementor-widget elementor-widget-text-editor\" data-id=\"349524d\" data-element_type=\"widget\" data-e-type=\"widget\" data-widget_type=\"text-editor.default\">\n\t\t\t\t<div class=\"elementor-widget-container\">\n\t\t\t\t\t\t\t\t\t<ul><li><strong>Small groups:<\/strong> Maximum of 7 participants per course<\/li><li><span style=\"font-style: inherit; text-align: var(--text-align);\"><strong>Course division:<\/strong> Individual division according to riding ability into <a href=\"https:\/\/www.skifahren-lernen.eu\/en\/snowboard-courses\/snowboard-course-classes\/\" target=\"_blank\" rel=\"noopener\">5 course classes<\/a><\/span><\/li><li><strong>Bus transfer from Munich:<\/strong> Convenient travel to and from the ski resort by bus, daily. Information on <a href=\"https:\/\/www.skifahren-lernen.eu\/en\/info-travelling\/stops-times\/\">departure times and stops<\/a> is available directly on our website. <\/li><li><strong>Ski resort:<\/strong> Usually Garmisch Hausberg or Ehrwalder Wettersteinbahnen \u2013 snow conditions permitting. The specific destination will be announced on the homepage by the evening before at the latest. <\/li><li><strong>Professionals in snowboard instruction:<\/strong> courses led by experienced snowboard instructors<\/li><\/ul>\t\t\t\t\t\t\t\t<\/div>\n\t\t\t\t<\/div>\n\t\t\t\t<div class=\"elementor-element elementor-element-00b88ca elementor-widget elementor-widget-heading\" data-id=\"00b88ca\" data-element_type=\"widget\" data-e-type=\"widget\" data-widget_type=\"heading.default\">\n\t\t\t\t<div class=\"elementor-widget-container\">\n\t\t\t\t\t<h4 class=\"elementor-heading-title elementor-size-default\">Optional extras (at an additional cost):<\/h4>\t\t\t\t<\/div>\n\t\t\t\t<\/div>\n\t\t\t\t<div class=\"elementor-element elementor-element-591f35a elementor-widget elementor-widget-text-editor\" data-id=\"591f35a\" data-element_type=\"widget\" data-e-type=\"widget\" data-widget_type=\"text-editor.default\">\n\t\t\t\t<div class=\"elementor-widget-container\">\n\t\t\t\t\t\t\t\t\t<ul><li>Course protection: Covers the risk of injury\/illness \u2013 all details about <br>\n  <a href=\"https:\/\/www.skifahren-lernen.eu\/en\/info-travelling\/course-protection\/\" target=\"_blank\" rel=\"noopener\">protection<\/a>\n<\/li><li><strong>Rental equipment:<\/strong> Snowboards, boots and helmets can be conveniently rented from us \u2013 all information about <a href=\"https:\/\/www.skifahren-lernen.eu\/en\/info-travelling\/rental-equipment\/\" target=\"_blank\" rel=\"noopener\">rental equipment<\/a><\/li><\/ul>\t\t\t\t\t\t\t\t<\/div>\n\t\t\t\t<\/div>\n\t\t\t\t<div class=\"elementor-element elementor-element-513bee3 elementor-widget elementor-widget-heading\" data-id=\"513bee3\" data-element_type=\"widget\" data-e-type=\"widget\" data-widget_type=\"heading.default\">\n\t\t\t\t<div class=\"elementor-widget-container\">\n\t\t\t\t\t<h4 class=\"elementor-heading-title elementor-size-default\">The following is not included in the course price:<\/h4>\t\t\t\t<\/div>\n\t\t\t\t<\/div>\n\t\t\t\t<div class=\"elementor-element elementor-element-9af2716 elementor-widget elementor-widget-text-editor\" data-id=\"9af2716\" data-element_type=\"widget\" data-e-type=\"widget\" data-widget_type=\"text-editor.default\">\n\t\t\t\t<div class=\"elementor-widget-container\">\n\t\t\t\t\t\t\t\t\t<ul><li><strong>Lift pass:<\/strong> Charged per course day<\/li><li><strong>Lunch at the hut:<\/strong> Charged per course day<\/li><\/ul><p>For details, see \u2018<em>additional costs<\/em>\u2019 when booking the course.<\/p>\t\t\t\t\t\t\t\t<\/div>\n\t\t\t\t<\/div>\n\t\t\t\t<\/div>\n\t\t\t\t<\/div>\n\t\t\t\t<\/div>\n\t\t\t\t\t\t<\/div>\n\t\t\t\t<\/div>\n\t\t\t\t<div class=\"elementor-element elementor-element-c4c8cf8 elementor-widget elementor-widget-spacer\" data-id=\"c4c8cf8\" data-element_type=\"widget\" data-e-type=\"widget\" data-widget_type=\"spacer.default\">\n\t\t\t\t<div class=\"elementor-widget-container\">\n\t\t\t\t\t\t\t<div class=\"elementor-spacer\">\n\t\t\t<div class=\"elementor-spacer-inner\"><\/div>\n\t\t<\/div>\n\t\t\t\t\t\t<\/div>\n\t\t\t\t<\/div>\n\t\t<div class=\"elementor-element elementor-element-0a421a6 e-con-full e-flex e-con e-child\" data-id=\"0a421a6\" data-element_type=\"container\" data-e-type=\"container\">\n\t\t\t\t<div class=\"elementor-element elementor-element-6b0a93e elementor-widget elementor-widget-heading\" data-id=\"6b0a93e\" data-element_type=\"widget\" data-e-type=\"widget\" data-widget_type=\"heading.default\">\n\t\t\t\t<div class=\"elementor-widget-container\">\n\t\t\t\t\t<h3 class=\"elementor-heading-title elementor-size-default\">Booking a course<\/h3>\t\t\t\t<\/div>\n\t\t\t\t<\/div>\n\t\t\t\t<div class=\"elementor-element elementor-element-f16669b elementor-widget-divider--view-line elementor-widget elementor-widget-divider\" data-id=\"f16669b\" data-element_type=\"widget\" data-e-type=\"widget\" data-widget_type=\"divider.default\">\n\t\t\t\t<div class=\"elementor-widget-container\">\n\t\t\t\t\t\t\t<div class=\"elementor-divider\">\n\t\t\t<span class=\"elementor-divider-separator\">\n\t\t\t\t\t\t<\/span>\n\t\t<\/div>\n\t\t\t\t\t\t<\/div>\n\t\t\t\t<\/div>\n\t\t\t\t<div class=\"elementor-element elementor-element-c851af1 elementor-grid-3 elementor-grid-tablet-3 elementor-grid-mobile-2 elementor-products-grid elementor-wc-products elementor-widget elementor-widget-woocommerce-products\" data-id=\"c851af1\" data-element_type=\"widget\" data-e-type=\"widget\" data-widget_type=\"woocommerce-products.default\">\n\t\t\t\t<div class=\"elementor-widget-container\">\n\t\t\t\t\t<div class=\"woocommerce columns-3 \"><ul class=\"products elementor-grid columns-3\">\n<li class=\"desktop-align-left tablet-align-left mobile-align-left ast-product-gallery-layout-horizontal-slider ast-product-gallery-with-no-image ast-product-tabs-layout-accordion tm-has-options product type-product post-13367 status-publish first instock product_cat-gf-kurs product_cat-gf-t-sb-4-days product_cat-gf-teenager product_cat-gf-t-sb-en product_cat-kurse product_cat-samstagskurs product_cat-kurs-sb-jugendliche-13-bis-17 product_cat-snowboard-kurse has-post-thumbnail taxable shipping-taxable purchasable product-type-simple woopt_\">\n\t<a href=\"https:\/\/www.skifahren-lernen.eu\/en\/produkt\/snowboard-course-saturday-teenagers-1\/\" class=\"woocommerce-LoopProduct-link woocommerce-loop-product__link\"><img decoding=\"async\" width=\"300\" height=\"300\" src=\"https:\/\/www.skifahren-lernen.eu\/wp-content\/uploads\/2025\/10\/product_snowboard_jugendlich_samstagskurs-1-300x300.jpg\" class=\"attachment-woocommerce_thumbnail size-woocommerce_thumbnail\" alt=\"Snowboard course Saturday for teenagers\" srcset=\"https:\/\/www.skifahren-lernen.eu\/wp-content\/uploads\/2025\/10\/product_snowboard_jugendlich_samstagskurs-1-300x300.jpg 300w, https:\/\/www.skifahren-lernen.eu\/wp-content\/uploads\/2025\/10\/product_snowboard_jugendlich_samstagskurs-1-150x150.jpg 150w, https:\/\/www.skifahren-lernen.eu\/wp-content\/uploads\/2025\/10\/product_snowboard_jugendlich_samstagskurs-1-100x100.jpg 100w, https:\/\/www.skifahren-lernen.eu\/wp-content\/uploads\/2025\/10\/product_snowboard_jugendlich_samstagskurs-1.jpg 600w\" sizes=\"(max-width: 300px) 100vw, 300px\" \/><h2 class=\"woocommerce-loop-product__title\">Snowboard course Saturday for teenagers<\/h2>\n\t<span class=\"price\"><span class=\"woocommerce-Price-amount amount\"><bdi>375,00&nbsp;<span class=\"woocommerce-Price-currencySymbol\">&euro;<\/span><\/bdi><\/span> <small><\/small><\/span>\n<\/a><a href=\"\/en\/wp-json\/wp\/v2\/pages\/16663?add-to-cart=13367\" aria-describedby=\"woocommerce_loop_add_to_cart_link_describedby_13367\" data-quantity=\"1\" class=\"button product_type_simple add_to_cart_button ajax_add_to_cart \" data-product_id=\"13367\" data-product_sku=\"KU22010401-Sa01SBJu\" aria-label=\"Add to cart: &ldquo;Snowboard course Saturday for teenagers&rdquo;\" rel=\"nofollow\" data-success_message=\"&ldquo;Snowboard course Saturday for teenagers&rdquo; has been added to your cart\">Add to cart<\/a>\t<span id=\"woocommerce_loop_add_to_cart_link_describedby_13367\" class=\"screen-reader-text\">\n\t\t\t<\/span>\n<\/li>\n<li class=\"desktop-align-left tablet-align-left mobile-align-left ast-product-gallery-layout-horizontal-slider ast-product-gallery-with-no-image ast-product-tabs-layout-accordion product type-product post-13363 status-publish instock product_cat-gf-c-sb-4-days product_cat-gf-c-sb product_cat-gf-child product_cat-gf-kurs product_cat-kurse product_cat-samstagskurs product_cat-kurs-sb-kinder-6-bis-12 product_cat-snowboard-kurse has-post-thumbnail taxable shipping-taxable purchasable product-type-simple woopt_\">\n\t<a href=\"https:\/\/www.skifahren-lernen.eu\/en\/produkt\/snowboard-course-saturday-children-1\/\" class=\"woocommerce-LoopProduct-link woocommerce-loop-product__link\"><img decoding=\"async\" width=\"300\" height=\"300\" src=\"https:\/\/www.skifahren-lernen.eu\/wp-content\/uploads\/2025\/10\/produkt_kinder_snowboard_samstakurs-300x300.jpg\" class=\"attachment-woocommerce_thumbnail size-woocommerce_thumbnail\" alt=\"Snowboard course Saturday for children\" srcset=\"https:\/\/www.skifahren-lernen.eu\/wp-content\/uploads\/2025\/10\/produkt_kinder_snowboard_samstakurs-300x300.jpg 300w, https:\/\/www.skifahren-lernen.eu\/wp-content\/uploads\/2025\/10\/produkt_kinder_snowboard_samstakurs-150x150.jpg 150w, https:\/\/www.skifahren-lernen.eu\/wp-content\/uploads\/2025\/10\/produkt_kinder_snowboard_samstakurs-100x100.jpg 100w, https:\/\/www.skifahren-lernen.eu\/wp-content\/uploads\/2025\/10\/produkt_kinder_snowboard_samstakurs.jpg 600w\" sizes=\"(max-width: 300px) 100vw, 300px\" \/><h2 class=\"woocommerce-loop-product__title\">Snowboard course Saturday for children<\/h2>\n\t<span class=\"price\"><span class=\"woocommerce-Price-amount amount\"><bdi>375,00&nbsp;<span class=\"woocommerce-Price-currencySymbol\">&euro;<\/span><\/bdi><\/span> <small><\/small><\/span>\n<\/a><a href=\"\/en\/wp-json\/wp\/v2\/pages\/16663?add-to-cart=13363\" aria-describedby=\"woocommerce_loop_add_to_cart_link_describedby_13363\" data-quantity=\"1\" class=\"button product_type_simple add_to_cart_button ajax_add_to_cart \" data-product_id=\"13363\" data-product_sku=\"KU12010401-Sa01SBKi\" aria-label=\"Add to cart: &ldquo;Snowboard course Saturday for children&rdquo;\" rel=\"nofollow\" data-success_message=\"&ldquo;Snowboard course Saturday for children&rdquo; has been added to your cart\">Add to cart<\/a>\t<span id=\"woocommerce_loop_add_to_cart_link_describedby_13363\" class=\"screen-reader-text\">\n\t\t\t<\/span>\n<\/li>\n<li class=\"desktop-align-left tablet-align-left mobile-align-left ast-product-gallery-layout-horizontal-slider ast-product-gallery-with-no-image ast-product-tabs-layout-accordion product type-product post-13387 status-publish last instock product_cat-gf-a-sb-4-days product_cat-gf-e-sb product_cat-gf-erwachsen product_cat-gf-kurs product_cat-kurse product_cat-samstagskurs product_cat-kurs-sb-erwachsene-18 product_cat-snowboard-kurse has-post-thumbnail taxable shipping-taxable purchasable product-type-simple woopt_\">\n\t<a href=\"https:\/\/www.skifahren-lernen.eu\/en\/produkt\/snowboard-course-saturday-adults-1\/\" class=\"woocommerce-LoopProduct-link woocommerce-loop-product__link\"><img loading=\"lazy\" decoding=\"async\" width=\"300\" height=\"300\" src=\"https:\/\/www.skifahren-lernen.eu\/wp-content\/uploads\/2025\/10\/product_erwachsen_snowboard_samstagskurs-300x300.jpg\" class=\"attachment-woocommerce_thumbnail size-woocommerce_thumbnail\" alt=\"Snowboard course Saturday for adults\" srcset=\"https:\/\/www.skifahren-lernen.eu\/wp-content\/uploads\/2025\/10\/product_erwachsen_snowboard_samstagskurs-300x300.jpg 300w, https:\/\/www.skifahren-lernen.eu\/wp-content\/uploads\/2025\/10\/product_erwachsen_snowboard_samstagskurs-150x150.jpg 150w, https:\/\/www.skifahren-lernen.eu\/wp-content\/uploads\/2025\/10\/product_erwachsen_snowboard_samstagskurs-100x100.jpg 100w, https:\/\/www.skifahren-lernen.eu\/wp-content\/uploads\/2025\/10\/product_erwachsen_snowboard_samstagskurs.jpg 600w\" sizes=\"(max-width: 300px) 100vw, 300px\" \/><h2 class=\"woocommerce-loop-product__title\">Snowboard course Saturday for adults<\/h2>\n\t<span class=\"price\"><span class=\"woocommerce-Price-amount amount\"><bdi>420,00&nbsp;<span class=\"woocommerce-Price-currencySymbol\">&euro;<\/span><\/bdi><\/span> <small><\/small><\/span>\n<\/a><a href=\"\/en\/wp-json\/wp\/v2\/pages\/16663?add-to-cart=13387\" aria-describedby=\"woocommerce_loop_add_to_cart_link_describedby_13387\" data-quantity=\"1\" class=\"button product_type_simple add_to_cart_button ajax_add_to_cart \" data-product_id=\"13387\" data-product_sku=\"KU32010401-Sa01SBEw\" aria-label=\"Add to cart: &ldquo;Snowboard course Saturday for adults&rdquo;\" rel=\"nofollow\" data-success_message=\"&ldquo;Snowboard course Saturday for adults&rdquo; has been added to your cart\">Add to cart<\/a>\t<span id=\"woocommerce_loop_add_to_cart_link_describedby_13387\" class=\"screen-reader-text\">\n\t\t\t<\/span>\n<\/li>\n<\/ul>\n<\/div>\t\t\t\t<\/div>\n\t\t\t\t<\/div>\n\t\t\t\t<\/div>\n\t\t\t\t<\/div>\n\t\t\t\t\t<\/div>\n\t\t\t\t<\/div>\n\t\t\t\t<\/div>\n\t\t","protected":false},"excerpt":{"rendered":"<p>Age: 6 to 18+ years Snowboard courses on Saturday Saturday course \u2013 Group snowboard courses for children, teenagers and adults \u2013 4 days intensive including bus travel from Munich Our Saturday snowboard courses are ideal for anyone who wants to learn how to snowboard or improve their technique. Over four Saturdays, you will enjoy professional [&hellip;]<\/p>\n","protected":false},"author":3,"featured_media":0,"parent":4416,"menu_order":0,"comment_status":"closed","ping_status":"closed","template":"","meta":{"_seopress_robots_primary_cat":"","_seopress_titles_title":"Saturday snowboard course | 4 days with bus travel from Munich","_seopress_titles_desc":"Saturday snowboard course \u2713 for children aged 6 and above, teenagers and adults \u2713 small groups and bus travel from Munich \u2713 all levels \u279c Info","_seopress_robots_index":"","_seopress_analysis_target_kw":"","site-sidebar-layout":"no-sidebar","site-content-layout":"page-builder","ast-site-content-layout":"full-width-container","site-content-style":"default","site-sidebar-style":"default","ast-global-header-display":"","ast-banner-title-visibility":"","ast-main-header-display":"","ast-hfb-above-header-display":"","ast-hfb-below-header-display":"","ast-hfb-mobile-header-display":"","site-post-title":"","ast-breadcrumbs-content":"","ast-featured-img":"disabled","footer-sml-layout":"","ast-disable-related-posts":"","theme-transparent-header-meta":"","adv-header-id-meta":"","stick-header-meta":"","header-above-stick-meta":"","header-main-stick-meta":"","header-below-stick-meta":"","astra-migrate-meta-layouts":"set","ast-page-background-enabled":"default","ast-page-background-meta":{"desktop":{"background-color":"","background-image":"","background-repeat":"repeat","background-position":"center center","background-size":"auto","background-attachment":"scroll","background-type":"","background-media":"","overlay-type":"","overlay-color":"","overlay-opacity":"","overlay-gradient":""},"tablet":{"background-color":"","background-image":"","background-repeat":"repeat","background-position":"center center","background-size":"auto","background-attachment":"scroll","background-type":"","background-media":"","overlay-type":"","overlay-color":"","overlay-opacity":"","overlay-gradient":""},"mobile":{"background-color":"","background-image":"","background-repeat":"repeat","background-position":"center center","background-size":"auto","background-attachment":"scroll","background-type":"","background-media":"","overlay-type":"","overlay-color":"","overlay-opacity":"","overlay-gradient":""}},"ast-content-background-meta":{"desktop":{"background-color":"var(--ast-global-color-5)","background-image":"","background-repeat":"repeat","background-position":"center center","background-size":"auto","background-attachment":"scroll","background-type":"","background-media":"","overlay-type":"","overlay-color":"","overlay-opacity":"","overlay-gradient":""},"tablet":{"background-color":"var(--ast-global-color-5)","background-image":"","background-repeat":"repeat","background-position":"center center","background-size":"auto","background-attachment":"scroll","background-type":"","background-media":"","overlay-type":"","overlay-color":"","overlay-opacity":"","overlay-gradient":""},"mobile":{"background-color":"var(--ast-global-color-5)","background-image":"","background-repeat":"repeat","background-position":"center center","background-size":"auto","background-attachment":"scroll","background-type":"","background-media":"","overlay-type":"","overlay-color":"","overlay-opacity":"","overlay-gradient":""}},"footnotes":""},"class_list":["post-16663","page","type-page","status-publish","hentry"],"_links":{"self":[{"href":"https:\/\/www.skifahren-lernen.eu\/en\/wp-json\/wp\/v2\/pages\/16663","targetHints":{"allow":["GET"]}}],"collection":[{"href":"https:\/\/www.skifahren-lernen.eu\/en\/wp-json\/wp\/v2\/pages"}],"about":[{"href":"https:\/\/www.skifahren-lernen.eu\/en\/wp-json\/wp\/v2\/types\/page"}],"author":[{"embeddable":true,"href":"https:\/\/www.skifahren-lernen.eu\/en\/wp-json\/wp\/v2\/users\/3"}],"replies":[{"embeddable":true,"href":"https:\/\/www.skifahren-lernen.eu\/en\/wp-json\/wp\/v2\/comments?post=16663"}],"version-history":[{"count":5,"href":"https:\/\/www.skifahren-lernen.eu\/en\/wp-json\/wp\/v2\/pages\/16663\/revisions"}],"predecessor-version":[{"id":16994,"href":"https:\/\/www.skifahren-lernen.eu\/en\/wp-json\/wp\/v2\/pages\/16663\/revisions\/16994"}],"up":[{"embeddable":true,"href":"https:\/\/www.skifahren-lernen.eu\/en\/wp-json\/wp\/v2\/pages\/4416"}],"wp:attachment":[{"href":"https:\/\/www.skifahren-lernen.eu\/en\/wp-json\/wp\/v2\/media?parent=16663"}],"curies":[{"name":"wp","href":"https:\/\/api.w.org\/{rel}","templated":true}]}}